{"id":2917,"date":"2018-12-05T18:21:21","date_gmt":"2018-12-05T16:21:21","guid":{"rendered":"http:\/\/www.extradrm.com\/?page_id=2917"},"modified":"2020-10-05T08:04:01","modified_gmt":"2020-10-05T06:04:01","slug":"extradrm-prestations-freelance-sur-mesure","status":"publish","type":"page","link":"https:\/\/www.extradrm.com\/","title":{"rendered":"ExtraDRM : Prestations Freelance WordPress"},"content":{"rendered":"<h1>ExtraDRM : Prestations freelance WordPress<\/h1>\n<p>WordPress est aujourd&#8217; hui le CMS le plus utilis\u00e9 au monde. Il est extensible \u00e0 plusieurs usages (E-commerce \/ Sites vitrine \/ blog \/ Magazines \/ Agences immobili\u00e8res \/ Centre de Formation \/ Vente contenus digitaux &#8230;) gr\u00e2ce aux multiples extensions offertes sur le march\u00e9.<\/p>\n<p>Extradrm a une expertise dans la cr\u00e9ation de sites internets classiques utilisant le CMS WordPress (exemples ci dessous). Par ailleurs, ExtraDRM est sp\u00e9cialis\u00e9 notamment dans la protection des contenus digitaux et leur mon\u00e9tisation sur internet via plusieurs mod\u00e8les notamment l&#8217; abonnement. ExtraDRM offre \u00e9galement un service de mises \u00e0 jour et un support d&#8217;assistance. Enfin, ExtraDRM dispense des formations \u00e0 distance pour la prise en main de votre site.<\/p>\n<p><strong>Aucune limite n&#8217;est infranchissable avec WordPress !<\/strong><\/p>\n<hr \/>\n<p><strong>Exemples de solutions :<\/strong><\/p>\n<ul>\n<li><strong>Boutiques VOD cl\u00e9s en main pour vendre des contenus digitaux<br \/>\n<\/strong>Conseil et Design pour la vente des contenus multim\u00e9dias prot\u00e9g\u00e9s par encryptage sur des plateformes WordPress. ExtraDRM fournit des modules sur mesures VOD vid\u00e9o \u00e0 la demande.<br \/>\nVous en avez assez de Youtube et ses conditions de mon\u00e9tisation : ExtraDRM propose des plateformes de mon\u00e9tisation en Streaming VOD des contenus digitaux prot\u00e9g\u00e9s par encryption notamment (PDF \/ Vid\u00e9os \/ Musique). Les solutions avec DRM sont assez complexes et elles sont propos\u00e9es dans certaines conditions.Ces solutions VOD coupl\u00e9es avec WordPress sont id\u00e9ales pour les centres de formations, Digital stores, musiciens, d\u00e9taillants, distributeurs, et tous les propri\u00e9taires de contenu multim\u00e9dia (Musique, artistes, danseurs &#8230;). <a href=\"http:\/\/www.extradrm.com\/?page_id=2972\">Contactez <\/a>nous pour information.<br \/>\n(Exemple : Ecole de danse en ligne : <a href=\"https:\/\/www.danse-online.com\" target=\"_blank\" rel=\"noopener noreferrer\">www.danse-online.com<\/a>)<\/li>\n<li><strong>E-Commerce Solutions pour vendre en ligne<\/strong><br \/>\nNous proposons des solutions autour de Woocommerce &#8230;. Nous vous fournissons \u00e9galement le conseil en mati\u00e8re d&#8217; indexation de votre site (Boutique de vente de DVD <a href=\"http:\/\/www.salsaswingproductions.com\" target=\"_blank\" rel=\"noopener noreferrer\">www.salsaswingproductions.com<\/a>)<\/li>\n<li><strong>Site Vitrine avec un Blog WordPress<\/strong><br \/>\nInstallation Professionnelle de WordPress avec les meilleurs th\u00e8mes du march\u00e9 avec les Plugins de statistiques et d&#8217; optimisations de vitesse d&#8217;acc\u00e8s pour travailler un bon r\u00e9f\u00e9rencement. (Magazine de danse : <a href=\"http:\/\/www.salsarock.com\" target=\"_blank\" rel=\"noopener noreferrer\">www.salsarock.com<\/a>)<\/li>\n<\/ul>\n<hr \/>\n<h3>Quelques formules de prestations apr\u00e8s la mise en place du CMS wordpress :<\/h3>\n<p><strong><u>La sauvegarde du site Internet<\/u><\/strong><\/p>\n<p>S\u2019il n\u2019y avait qu\u2019une seule action de maintenance sur le CMS WordPress \u00e0 faire, ce serait \u00e9videmment celle-l\u00e0 : sauvegarder initialement, mais aussi automatiquement et r\u00e9guli\u00e8rement votre site web, de cette fa\u00e7on en cas de piratage, ou de probl\u00e8me d\u2019h\u00e9bergement, vous avez toujours une solution de recours.<\/p>\n<p><strong><u>Les mises \u00e0 jour de s\u00e9curit\u00e9 de votre site WordPress<\/u><\/strong><\/p>\n<p>WordPress utilise des extensions, modules, plugins, composants, d\u00e9velopp\u00e9s et mis \u00e0 jour r\u00e9guli\u00e8rement par la communaut\u00e9. Ces mises \u00e0 jour ont pour objectif de corriger des dysfonctionnements (bugs) ou d\u2019apporter des \u00e9volutions. Selon le nombre d\u2019extensions, nous pourrons \u00e9valuer et vous faire une offre de maintenance pr\u00e9ventive WordPress.<\/p>\n<p><strong><u>Maintenance \u00e9volutive<\/u><\/strong><\/p>\n<p>La maintenance \u00e9volutive consiste \u00e0 faire \u00e9voluer son site WordPress, par exemple pour ajouter de nouvelles fonctions ou effectuer une refonte de votre th\u00e8me. Cette maintenance peut \u00e9galement \u00eatre utilis\u00e9e pour faire \u00e9voluer mon site, avec l\u2019ajout de nouvelles extensions ou modifications graphiques.<\/p>\n<p><strong><u>SEO et R\u00e9f\u00e9rencement<\/u><\/strong><br \/>\nAujourd&#8217;hui le r\u00e9f\u00e9rencement est devenu incontournable pour un site. ExtraDRM ma\u00eetrise tous les aspects du r\u00e9f\u00e9rencement sous wordpress et peut vous fournir un bon positionnement sur les principaux moteurs de recherche du web.<\/p>\n<p>&nbsp;<\/p>\n","protected":false},"excerpt":{"rendered":"<p>ExtraDRM : Prestations freelance WordPress WordPress est aujourd&#8217; hui le CMS le plus utilis\u00e9 au monde. Il est extensible \u00e0 plusieurs usages (E-commerce \/ Sites vitrine \/ blog \/ Magazines \/ Agences immobili\u00e8res \/&#46;&#46;&#46;<\/p>\n","protected":false},"author":1,"featured_media":0,"parent":0,"menu_order":0,"comment_status":"closed","ping_status":"closed","template":"","meta":[],"_links":{"self":[{"href":"https:\/\/www.extradrm.com\/index.php?rest_route=\/wp\/v2\/pages\/2917"}],"collection":[{"href":"https:\/\/www.extradrm.com\/index.php?rest_route=\/wp\/v2\/pages"}],"about":[{"href":"https:\/\/www.extradrm.com\/index.php?rest_route=\/wp\/v2\/types\/page"}],"author":[{"embeddable":true,"href":"https:\/\/www.extradrm.com\/index.php?rest_route=\/wp\/v2\/users\/1"}],"replies":[{"embeddable":true,"href":"https:\/\/www.extradrm.com\/index.php?rest_route=%2Fwp%2Fv2%2Fcomments&post=2917"}],"version-history":[{"count":0,"href":"https:\/\/www.extradrm.com\/index.php?rest_route=\/wp\/v2\/pages\/2917\/revisions"}],"wp:attachment":[{"href":"https:\/\/www.extradrm.com\/index.php?rest_route=%2Fwp%2Fv2%2Fmedia&parent=2917"}],"curies":[{"name":"wp","href":"https:\/\/api.w.org\/{rel}","templated":true}]}}